{"id":353,"date":"2019-04-24T18:59:43","date_gmt":"2019-04-25T01:59:43","guid":{"rendered":"https:\/\/roac.ca\/?page_id=353"},"modified":"2019-12-10T14:44:11","modified_gmt":"2019-12-10T22:44:11","slug":"diplomes-de-letranger","status":"publish","type":"page","link":"https:\/\/roac.ca\/fr\/architectes-etrangers\/diplomes-de-letranger\/","title":{"rendered":"Dipl\u00f4m\u00e9s de l&#8217;\u00e9tranger"},"content":{"rendered":"<p>Les candidats ayant obtenu un dipl\u00f4me en architecture \u00e0 l\u2019ext\u00e9rieur du Canada peuvent \u00eatre admissibles \u00e0 l\u2019inscription dans le Programme de stage en architecture (PSA). Ils doivent d\u2019abord obtenir la certification de leurs \u00e9tudes par le CCCA. Le PSA est un programme national qui porte sur l\u2019acquisition d\u2019une exp\u00e9rience pratique sous la supervision d\u2019un architecte inscrit aupr\u00e8s d\u2019un ordre provincial ou territorial et avec les conseils d\u2019un mentor. Pour un suppl\u00e9ment d\u2019information, veuillez demander une copie du Manuel du PSA canadien \u00e0 votre ordre provincial ou territorial.<\/p>\n","protected":false},"excerpt":{"rendered":"<p>Les candidats ayant obtenu un dipl\u00f4me en architecture \u00e0 l\u2019ext\u00e9rieur du Canada peuvent \u00eatre admissibles \u00e0 l\u2019inscription dans le Programme de stage en architecture (PSA). Ils doivent d\u2019abord obtenir la certification de leurs \u00e9tudes par le CCCA. Le PSA est un programme national qui porte sur l\u2019acquisition d\u2019une exp\u00e9rience pratique sous la supervision d\u2019un architecte [&hellip;]<\/p>\n","protected":false},"author":1,"featured_media":384,"parent":110,"menu_order":2,"comment_status":"closed","ping_status":"closed","template":"","meta":{"_genesis_hide_title":false,"_genesis_hide_breadcrumbs":false,"_genesis_hide_singular_image":false,"_genesis_hide_footer_widgets":false,"_genesis_custom_body_class":"","_genesis_custom_post_class":"","_genesis_layout":"content-sidebar","footnotes":""},"class_list":{"0":"post-353","1":"page","2":"type-page","3":"status-publish","4":"has-post-thumbnail","6":"entry"},"featured_image_src":"https:\/\/roac.ca\/wp-content\/uploads\/2019\/04\/Foreign-Architects-600x400.jpg","featured_image_src_square":"https:\/\/roac.ca\/wp-content\/uploads\/2019\/04\/Foreign-Architects-600x600.jpg","_links":{"self":[{"href":"https:\/\/roac.ca\/fr\/wp-json\/wp\/v2\/pages\/353","targetHints":{"allow":["GET"]}}],"collection":[{"href":"https:\/\/roac.ca\/fr\/wp-json\/wp\/v2\/pages"}],"about":[{"href":"https:\/\/roac.ca\/fr\/wp-json\/wp\/v2\/types\/page"}],"author":[{"embeddable":true,"href":"https:\/\/roac.ca\/fr\/wp-json\/wp\/v2\/users\/1"}],"replies":[{"embeddable":true,"href":"https:\/\/roac.ca\/fr\/wp-json\/wp\/v2\/comments?post=353"}],"version-history":[{"count":6,"href":"https:\/\/roac.ca\/fr\/wp-json\/wp\/v2\/pages\/353\/revisions"}],"predecessor-version":[{"id":524,"href":"https:\/\/roac.ca\/fr\/wp-json\/wp\/v2\/pages\/353\/revisions\/524"}],"up":[{"embeddable":true,"href":"https:\/\/roac.ca\/fr\/wp-json\/wp\/v2\/pages\/110"}],"wp:featuredmedia":[{"embeddable":true,"href":"https:\/\/roac.ca\/fr\/wp-json\/wp\/v2\/media\/384"}],"wp:attachment":[{"href":"https:\/\/roac.ca\/fr\/wp-json\/wp\/v2\/media?parent=353"}],"curies":[{"name":"wp","href":"https:\/\/api.w.org\/{rel}","templated":true}]}}