{"id":159,"date":"2019-04-17T13:01:15","date_gmt":"2019-04-17T20:01:15","guid":{"rendered":"https:\/\/roac.ca\/?page_id=159"},"modified":"2021-02-18T14:38:22","modified_gmt":"2021-02-18T22:38:22","slug":"programme-pour-architectes-etrangers-possedant-une-vaste-experience-aeve","status":"publish","type":"page","link":"https:\/\/roac.ca\/fr\/architectes-etrangers\/programme-pour-architectes-etrangers-possedant-une-vaste-experience-aeve\/","title":{"rendered":"Architectes de l&#8217;\u00e9tranger ayant une vaste exp\u00e9rience"},"content":{"rendered":"<p>Le Programme pour architectes de l\u2019\u00e9tranger ayant une vaste exp\u00e9rience (A\u00c9VE) est une voie alternative d\u2019obtention d\u2019un permis d\u2019architecte pour les architectes d\u00e9tenteurs d\u2019un tel permis \u00e0 l\u2019\u00e9tranger. Il a \u00e9t\u00e9 d\u00e9velopp\u00e9 par le Regroupement des ordres d\u2019architectes du Canada (ROAC) et il est administr\u00e9 par le Conseil canadien de certification en architecture (CCCA)<\/p>\n<p>Le programme \u00e9value la vaste exp\u00e9rience d\u2019architectes autoris\u00e9s \u00e0 exercer \u00e0 l\u2019\u00e9tranger par rapport \u00e0 la Norme canadienne de comp\u00e9tence pour les architectes. Les candidats qui satisfont aux exigences d\u2019admissibilit\u00e9 du programme peuvent demander la certification A\u00c9VE en suivant un processus qui comporte une auto\u00e9valuation en ligne et une entrevue avec des architectes du Canada.<\/p>\n<p>Nous recommandons vivement d\u2019examiner la documentation du Programme pour en comprendre les composantes et le processus avant de pr\u00e9senter une candidature. Pour un suppl\u00e9ment d\u2019information sur ce programme, veuillez consulter le <a href=\"https:\/\/cacb.ca\/fr\/auto-draft\/\">site Web du CCCA<\/a>.<\/p>\n","protected":false},"excerpt":{"rendered":"<p>Le Programme pour architectes de l\u2019\u00e9tranger ayant une vaste exp\u00e9rience (A\u00c9VE) est une voie alternative d\u2019obtention d\u2019un permis d\u2019architecte pour les architectes d\u00e9tenteurs d\u2019un tel permis \u00e0 l\u2019\u00e9tranger. Il a \u00e9t\u00e9 d\u00e9velopp\u00e9 par le Regroupement des ordres d\u2019architectes du Canada (ROAC) et il est administr\u00e9 par le Conseil canadien de certification en architecture (CCCA) Le [&hellip;]<\/p>\n","protected":false},"author":1,"featured_media":384,"parent":110,"menu_order":1,"comment_status":"closed","ping_status":"closed","template":"","meta":{"_genesis_hide_title":false,"_genesis_hide_breadcrumbs":false,"_genesis_hide_singular_image":false,"_genesis_hide_footer_widgets":false,"_genesis_custom_body_class":"","_genesis_custom_post_class":"","_genesis_layout":"content-sidebar","footnotes":""},"class_list":{"0":"post-159","1":"page","2":"type-page","3":"status-publish","4":"has-post-thumbnail","6":"entry"},"featured_image_src":"https:\/\/roac.ca\/wp-content\/uploads\/2019\/04\/Foreign-Architects-600x400.jpg","featured_image_src_square":"https:\/\/roac.ca\/wp-content\/uploads\/2019\/04\/Foreign-Architects-600x600.jpg","_links":{"self":[{"href":"https:\/\/roac.ca\/fr\/wp-json\/wp\/v2\/pages\/159","targetHints":{"allow":["GET"]}}],"collection":[{"href":"https:\/\/roac.ca\/fr\/wp-json\/wp\/v2\/pages"}],"about":[{"href":"https:\/\/roac.ca\/fr\/wp-json\/wp\/v2\/types\/page"}],"author":[{"embeddable":true,"href":"https:\/\/roac.ca\/fr\/wp-json\/wp\/v2\/users\/1"}],"replies":[{"embeddable":true,"href":"https:\/\/roac.ca\/fr\/wp-json\/wp\/v2\/comments?post=159"}],"version-history":[{"count":9,"href":"https:\/\/roac.ca\/fr\/wp-json\/wp\/v2\/pages\/159\/revisions"}],"predecessor-version":[{"id":858,"href":"https:\/\/roac.ca\/fr\/wp-json\/wp\/v2\/pages\/159\/revisions\/858"}],"up":[{"embeddable":true,"href":"https:\/\/roac.ca\/fr\/wp-json\/wp\/v2\/pages\/110"}],"wp:featuredmedia":[{"embeddable":true,"href":"https:\/\/roac.ca\/fr\/wp-json\/wp\/v2\/media\/384"}],"wp:attachment":[{"href":"https:\/\/roac.ca\/fr\/wp-json\/wp\/v2\/media?parent=159"}],"curies":[{"name":"wp","href":"https:\/\/api.w.org\/{rel}","templated":true}]}}