{"id":155,"date":"2019-04-17T13:00:18","date_gmt":"2019-04-17T20:00:18","guid":{"rendered":"https:\/\/roac.ca\/?page_id=155"},"modified":"2019-12-10T14:38:25","modified_gmt":"2019-12-10T22:38:25","slug":"inscription","status":"publish","type":"page","link":"https:\/\/roac.ca\/fr\/candidats-a-la-profession\/inscription\/","title":{"rendered":"Inscription \/ d\u00e9livrance d\u2019un permis"},"content":{"rendered":"<p>Au Canada, la prestation des services d\u2019architectes est exclusive aux membres inscrits ou d\u00e9tenteurs d\u2019un permis d\u2019architecte d\u2019un ordre d\u2019architectes provincial ou territorial. Apr\u00e8s avoir termin\u00e9 le programme de stage en architecture et r\u00e9ussi l\u2019ExAC ou rempli les exigences relatives \u00e0 une voie alternative d\u2019obtention d\u2019un permis, une personne peut demander l\u2019inscription ou le \u00ab permis d\u2019exercice \u00bb dans sa province ou son territoire de r\u00e9sidence. G\u00e9n\u00e9ralement, un architecte doit travailler dans un bureau autoris\u00e9 ou demander \u00e0 ouvrir son propre bureau autoris\u00e9. Il faut communiquer avec son ordre d\u2019architectes provincial ou territorial pour conna\u00eetre les exigences particuli\u00e8res relatives \u00e0 l\u2019exercice de la profession. Il est \u00e9galement possible d\u2019exercer la profession dans plus d\u2019une province ou territoire, mais il est important de communiquer avec chaque ordre d\u2019architectes pour conna\u00eetre les exigences qui lui sont propres.<\/p>\n<p>Pour un suppl\u00e9ment d\u2019information, veuillez consulter la section inscription et obtention d\u2019un permis de l\u2019ordre d\u2019architectes de votre province ou territoire :<\/p>\n<p><strong><img loading=\"lazy\" decoding=\"async\" class=\"alignright size-full wp-image-243\" src=\"https:\/\/roac.ca\/wp-content\/uploads\/2019\/04\/aibc.jpg\" alt=\"Architectural Institute of British Columbia logo\" width=\"180\" height=\"35\" \/>Institut d\u2019architecture de la Colombie-Britannique (AIBC)<\/strong><br \/>\n<a href=\"http:\/\/www.aibc.ca\/\" target=\"_blank\" rel=\"noopener noreferrer\">Site Web<\/a><br \/>\n<a href=\"mailto:info@aibc.ca\">info@aibc.ca<\/a><\/p>\n<p><strong><img loading=\"lazy\" decoding=\"async\" class=\"alignright wp-image-239 size-full\" src=\"https:\/\/roac.ca\/wp-content\/uploads\/2019\/04\/alberta_logo.jpg\" alt=\"The Alberta Association of Architects logo\" width=\"129\" height=\"49\" \/>Ordre des architectes de l\u2019Alberta (AAA)<\/strong><br \/>\n<a href=\"http:\/\/www.aaa.ab.ca\/\" target=\"_blank\" rel=\"noopener noreferrer\">Site Web<\/a><br \/>\n<a href=\"mailto:info@aaa.ab.ca\">info@aaa.ab.ca<\/a><\/p>\n<p><strong><img loading=\"lazy\" decoding=\"async\" class=\"alignright size-thumbnail wp-image-245\" src=\"https:\/\/roac.ca\/wp-content\/uploads\/2019\/04\/NWTseal-300x300-150x150.jpg\" alt=\"Northwest Territories Association of Architects logo\" width=\"76\" height=\"76\" srcset=\"https:\/\/roac.ca\/wp-content\/uploads\/2019\/04\/NWTseal-300x300-150x150.jpg 150w, https:\/\/roac.ca\/wp-content\/uploads\/2019\/04\/NWTseal-300x300-75x75.jpg 75w, https:\/\/roac.ca\/wp-content\/uploads\/2019\/04\/NWTseal-300x300.jpg 300w\" sizes=\"auto, (max-width: 76px) 100vw, 76px\" \/>Ordre des architectes des Territoires du Nord-Ouest (NWTAA)<\/strong><br \/>\n<a href=\"http:\/\/www.nwtaa.ca\/\" target=\"_blank\" rel=\"noopener noreferrer\">Site Web<\/a><br \/>\n<a href=\"mailto:contact@nwtaa.ca\">contact@nwtaa.ca<\/a><\/p>\n<p><strong><img loading=\"lazy\" decoding=\"async\" class=\"alignright size-full wp-image-249\" src=\"https:\/\/roac.ca\/wp-content\/uploads\/2019\/04\/saa.gif\" alt=\"Saskatchewan Association of Architects logo\" width=\"66\" height=\"71\" \/>Ordre des architectes de la Saskatchewan (SAA)<\/strong><br \/>\n<a href=\"http:\/\/www.saskarchitects.com\/\" target=\"_blank\" rel=\"noopener noreferrer\">Site Web<\/a><br \/>\n<a href=\"mailto:memberservices@saskarchitects.com\">memberservices@saskarchitects.com<\/a><\/p>\n<p><strong><img loading=\"lazy\" decoding=\"async\" class=\"alignright size-full wp-image-244\" src=\"https:\/\/roac.ca\/wp-content\/uploads\/2019\/04\/logo_manitoba-300x86.png\" alt=\"Manitoba Association of Architects logo\" width=\"196\" height=\"56\" \/>Ordre des architectes du Manitoba (MAA)<\/strong><br \/>\n<a href=\"http:\/\/www.mbarchitects.org\/\" target=\"_blank\" rel=\"noopener noreferrer\">Site Web<\/a><br \/>\n<a href=\"mailto:info@mbarchitects.org\">info@mbarchitects.org<\/a><\/p>\n<p><strong><img loading=\"lazy\" decoding=\"async\" class=\"alignright size-full wp-image-247\" src=\"https:\/\/roac.ca\/wp-content\/uploads\/2019\/04\/oaa.jpg\" alt=\"Ontario Association of Architects logo\" width=\"176\" height=\"59\" \/>Ordre des architectes de l\u2019Ontario (OAA)<\/strong><br \/>\n<a href=\"http:\/\/www.oaa.on.ca\/\" target=\"_blank\" rel=\"noopener noreferrer\">Site Web<\/a><br \/>\n<a href=\"mailto:oaamail@oaa.on.ca\">oaamail@oaa.on.ca<\/a><\/p>\n<p><strong><img loading=\"lazy\" decoding=\"async\" class=\"alignright size-full wp-image-248\" src=\"https:\/\/roac.ca\/wp-content\/uploads\/2019\/04\/OAQ_logo_cmyk-300x98.jpg\" alt=\"Ordre des architectes du Qu\u00e9bec logo\" width=\"178\" height=\"58\" \/>Ordre des architectes du Qu\u00e9bec (OAQ)<\/strong><br \/>\n<a href=\"http:\/\/www.oaq.com\/\" target=\"_blank\" rel=\"noopener noreferrer\">Site Web<\/a><br \/>\n<a href=\"mailto:info@oaq.com\">info@oaq.com<\/a><\/p>\n<p><strong><img loading=\"lazy\" decoding=\"async\" class=\"alignright size-full wp-image-240\" src=\"https:\/\/roac.ca\/wp-content\/uploads\/2019\/04\/N-B-150x150.jpeg\" alt=\"New Brunswick Architecture Society logo\" width=\"61\" height=\"61\" srcset=\"https:\/\/roac.ca\/wp-content\/uploads\/2019\/04\/N-B-150x150.jpeg 150w, https:\/\/roac.ca\/wp-content\/uploads\/2019\/04\/N-B-150x150-75x75.jpeg 75w\" sizes=\"auto, (max-width: 61px) 100vw, 61px\" \/>Ordre des architectes du Nouveau-Brunswick \/ Architects\u2019 Association of New Brunswick (AANB)<\/strong><br \/>\n<a href=\"http:\/\/www.aanb.org\/\" target=\"_blank\" rel=\"noopener noreferrer\">Site Web<\/a><br \/>\n<a href=\"mailto:inquiries@aanb.org\">inquiries@aanb.org<\/a><\/p>\n<p><strong><img loading=\"lazy\" decoding=\"async\" class=\"alignright size-full wp-image-242\" src=\"https:\/\/roac.ca\/wp-content\/uploads\/2019\/04\/albnl-logo-300x36.png\" alt=\"Architects Licensing Board of Newfoundland and Labrador\" width=\"300\" height=\"36\" \/>Ordre des architectes de Terre-Neuve et du Labrador (ALBNL)<\/strong><br \/>\n<a href=\"http:\/\/www.albnl.com\/\" target=\"_blank\" rel=\"noopener noreferrer\">Site Web<\/a><br \/>\n<a href=\"mailto:albnl@albnl.com\">albnl@albnl.com<\/a><\/p>\n<p><strong><img loading=\"lazy\" decoding=\"async\" class=\"alignright size-full wp-image-246\" src=\"https:\/\/roac.ca\/wp-content\/uploads\/2019\/04\/nsaa-logo.png\" alt=\"Nova Scotia Association of Architects logo\" width=\"255\" height=\"29\" \/>Ordre des architectes de la Nouvelle-\u00c9cosse (NSAA)<\/strong><br \/>\n<a href=\"http:\/\/www.nsaa.ns.ca\/\" target=\"_blank\" rel=\"noopener noreferrer\">Site Web<\/a><br \/>\n<a href=\"mailto:info@nsaa.ns.ca\">info@nsaa.ns.ca<\/a><\/p>\n<p><strong><img loading=\"lazy\" decoding=\"async\" class=\"alignright size-full wp-image-241\" src=\"https:\/\/roac.ca\/wp-content\/uploads\/2019\/04\/aapei_-300x62-300x62.png\" alt=\"Architects Association of Prince Edward Island\" width=\"161\" height=\"35\" \/>Ordre des architectes de l\u2019\u00cele-du-Prince-\u00c9douard (AAPEI)<\/strong><br \/>\n<a href=\"http:\/\/www.aapei.com\/\" target=\"_blank\" rel=\"noopener noreferrer\">Site Web<\/a><br \/>\n<a href=\"mailto:director@aapei.com\">director@aapei.com<\/a><\/p>\n","protected":false},"excerpt":{"rendered":"<p>Au Canada, la prestation des services d\u2019architectes est exclusive aux membres inscrits ou d\u00e9tenteurs d\u2019un permis d\u2019architecte d\u2019un ordre d\u2019architectes provincial ou territorial. Apr\u00e8s avoir termin\u00e9 le programme de stage en architecture et r\u00e9ussi l\u2019ExAC ou rempli les exigences relatives \u00e0 une voie alternative d\u2019obtention d\u2019un permis, une personne peut demander l\u2019inscription ou le \u00ab [&hellip;]<\/p>\n","protected":false},"author":1,"featured_media":377,"parent":108,"menu_order":12,"comment_status":"closed","ping_status":"closed","template":"","meta":{"_genesis_hide_title":false,"_genesis_hide_breadcrumbs":false,"_genesis_hide_singular_image":false,"_genesis_hide_footer_widgets":false,"_genesis_custom_body_class":"","_genesis_custom_post_class":"","_genesis_layout":"","footnotes":""},"class_list":{"0":"post-155","1":"page","2":"type-page","3":"status-publish","4":"has-post-thumbnail","6":"entry"},"featured_image_src":"https:\/\/roac.ca\/wp-content\/uploads\/2019\/04\/Become-an-Architect-600x400.jpg","featured_image_src_square":"https:\/\/roac.ca\/wp-content\/uploads\/2019\/04\/Become-an-Architect-600x600.jpg","_links":{"self":[{"href":"https:\/\/roac.ca\/fr\/wp-json\/wp\/v2\/pages\/155","targetHints":{"allow":["GET"]}}],"collection":[{"href":"https:\/\/roac.ca\/fr\/wp-json\/wp\/v2\/pages"}],"about":[{"href":"https:\/\/roac.ca\/fr\/wp-json\/wp\/v2\/types\/page"}],"author":[{"embeddable":true,"href":"https:\/\/roac.ca\/fr\/wp-json\/wp\/v2\/users\/1"}],"replies":[{"embeddable":true,"href":"https:\/\/roac.ca\/fr\/wp-json\/wp\/v2\/comments?post=155"}],"version-history":[{"count":6,"href":"https:\/\/roac.ca\/fr\/wp-json\/wp\/v2\/pages\/155\/revisions"}],"predecessor-version":[{"id":522,"href":"https:\/\/roac.ca\/fr\/wp-json\/wp\/v2\/pages\/155\/revisions\/522"}],"up":[{"embeddable":true,"href":"https:\/\/roac.ca\/fr\/wp-json\/wp\/v2\/pages\/108"}],"wp:featuredmedia":[{"embeddable":true,"href":"https:\/\/roac.ca\/fr\/wp-json\/wp\/v2\/media\/377"}],"wp:attachment":[{"href":"https:\/\/roac.ca\/fr\/wp-json\/wp\/v2\/media?parent=155"}],"curies":[{"name":"wp","href":"https:\/\/api.w.org\/{rel}","templated":true}]}}