{"id":153,"date":"2019-04-17T12:59:45","date_gmt":"2019-04-17T19:59:45","guid":{"rendered":"https:\/\/roac.ca\/?page_id=153"},"modified":"2019-12-10T14:37:14","modified_gmt":"2019-12-10T22:37:14","slug":"examen","status":"publish","type":"page","link":"https:\/\/roac.ca\/fr\/candidats-a-la-profession\/examen\/","title":{"rendered":"Examen (ExAC)"},"content":{"rendered":"<p>Les ordres d\u2019architectes provinciaux et territoriaux ont le mandat d\u2019assurer la s\u00e9curit\u00e9 du public et la prestation de services d\u2019architecture par des professionnels qualifi\u00e9s dans leurs juridictions respectives. \u00c0 cette fin, ils ont mis en place des m\u00e9canismes pour s\u2019assurer de la comp\u00e9tence des architectes, et ce, tant au stade d\u2019entr\u00e9e dans la profession que tout au long de leur carri\u00e8re professionnelle. L\u2019examen d\u2019admission est l\u2019un de ces m\u00e9canismes.<\/p>\n<p>L\u2019Examen des architectes du Canada (ExAC) est cr\u00e9\u00e9, mis \u00e0 jour et administr\u00e9 par un comit\u00e9 national qui rel\u00e8ve directement du Regroupement des ordres d\u2019architectes du Canada (ROAC). Il est bas\u00e9 sur des objectifs g\u00e9n\u00e9raux et sp\u00e9cifiques qui d\u00e9finissent les domaines et les niveaux de connaissance de la profession architecturale, qui sont \u00e9valu\u00e9s pour d\u00e9terminer la comp\u00e9tence du stagiaire.<\/p>\n<p>Pour un suppl\u00e9ment d\u2019information sur le contenu de l\u2019examen, les p\u00e9riodes d\u2019inscription et la date des sessions de l\u2019examen, voir le <a href=\"http:\/\/www.exac.ca\/fr\/accueil.html\">site Web de l&#8217;ExAC<\/a>.<\/p>\n","protected":false},"excerpt":{"rendered":"<p>Les ordres d\u2019architectes provinciaux et territoriaux ont le mandat d\u2019assurer la s\u00e9curit\u00e9 du public et la prestation de services d\u2019architecture par des professionnels qualifi\u00e9s dans leurs juridictions respectives. \u00c0 cette fin, ils ont mis en place des m\u00e9canismes pour s\u2019assurer de la comp\u00e9tence des architectes, et ce, tant au stade d\u2019entr\u00e9e dans la profession que [&hellip;]<\/p>\n","protected":false},"author":1,"featured_media":377,"parent":108,"menu_order":11,"comment_status":"closed","ping_status":"closed","template":"","meta":{"_genesis_hide_title":false,"_genesis_hide_breadcrumbs":false,"_genesis_hide_singular_image":false,"_genesis_hide_footer_widgets":false,"_genesis_custom_body_class":"","_genesis_custom_post_class":"","_genesis_layout":"","footnotes":""},"class_list":{"0":"post-153","1":"page","2":"type-page","3":"status-publish","4":"has-post-thumbnail","6":"entry"},"featured_image_src":"https:\/\/roac.ca\/wp-content\/uploads\/2019\/04\/Become-an-Architect-600x400.jpg","featured_image_src_square":"https:\/\/roac.ca\/wp-content\/uploads\/2019\/04\/Become-an-Architect-600x600.jpg","_links":{"self":[{"href":"https:\/\/roac.ca\/fr\/wp-json\/wp\/v2\/pages\/153","targetHints":{"allow":["GET"]}}],"collection":[{"href":"https:\/\/roac.ca\/fr\/wp-json\/wp\/v2\/pages"}],"about":[{"href":"https:\/\/roac.ca\/fr\/wp-json\/wp\/v2\/types\/page"}],"author":[{"embeddable":true,"href":"https:\/\/roac.ca\/fr\/wp-json\/wp\/v2\/users\/1"}],"replies":[{"embeddable":true,"href":"https:\/\/roac.ca\/fr\/wp-json\/wp\/v2\/comments?post=153"}],"version-history":[{"count":7,"href":"https:\/\/roac.ca\/fr\/wp-json\/wp\/v2\/pages\/153\/revisions"}],"predecessor-version":[{"id":521,"href":"https:\/\/roac.ca\/fr\/wp-json\/wp\/v2\/pages\/153\/revisions\/521"}],"up":[{"embeddable":true,"href":"https:\/\/roac.ca\/fr\/wp-json\/wp\/v2\/pages\/108"}],"wp:featuredmedia":[{"embeddable":true,"href":"https:\/\/roac.ca\/fr\/wp-json\/wp\/v2\/media\/377"}],"wp:attachment":[{"href":"https:\/\/roac.ca\/fr\/wp-json\/wp\/v2\/media?parent=153"}],"curies":[{"name":"wp","href":"https:\/\/api.w.org\/{rel}","templated":true}]}}