{"id":149,"date":"2019-04-17T12:58:31","date_gmt":"2019-04-17T19:58:31","guid":{"rendered":"https:\/\/roac.ca\/?page_id=149"},"modified":"2025-01-29T08:00:14","modified_gmt":"2025-01-29T16:00:14","slug":"la-certification","status":"publish","type":"page","link":"https:\/\/roac.ca\/fr\/candidats-a-la-profession\/la-certification\/","title":{"rendered":"La certification acad\u00e9mique"},"content":{"rendered":"<p>Le Conseil canadien de certification en architecture (CCCA), au nom du ROAC, \u00e9value et certifie les qualifications \u00e9ducatives des titulaires de grades ou de dipl\u00f4mes professionnels en architecture. Le processus de certification du CCCA confirme que la formation des candidats rencontre les exigences de la <em>Norme canadienne de formation pour les architectes<\/em> pour leur permettre de s\u2019inscrire dans le Programme de stage en architecture.<\/p>\n<p>Le CCCA octroie la certification aux candidats qui satisfont aux exigences de la Norme canadienne de formation pour les architectes, et maintient un registre national des personnes ayant obtenu la certification, y compris des dossiers confidentiels de tous les candidats.<\/p>\n<p>La <em>Norme canadienne de formation<\/em> \u00e9value les qualifications acad\u00e9miques dans les six domaines suivants:<\/p>\n<ol>\n<li>Design;<\/li>\n<li>Culture et communications;<\/li>\n<li>Connaissances techniques;<\/li>\n<li>Pratique professionnelle;<\/li>\n<li>Formation g\u00e9n\u00e9rale; et<\/li>\n<li>Cours \u00e0 option.<\/li>\n<\/ol>\n<p>Pour un suppl\u00e9ment d\u2019information sur les modes de certification, les calendriers des cours et les documents justificatifs, veuillez consulter le <a href=\"http:\/\/cacb.ca\/fr\/accueil\/\">site Web<\/a> du CCCA.<\/p>\n","protected":false},"excerpt":{"rendered":"<p>Le Conseil canadien de certification en architecture (CCCA), au nom du ROAC, \u00e9value et certifie les qualifications \u00e9ducatives des titulaires de grades ou de dipl\u00f4mes professionnels en architecture. Le processus de certification du CCCA confirme que la formation des candidats rencontre les exigences de la Norme canadienne de formation pour les architectes pour leur permettre [&hellip;]<\/p>\n","protected":false},"author":1,"featured_media":377,"parent":108,"menu_order":9,"comment_status":"closed","ping_status":"closed","template":"","meta":{"_genesis_hide_title":false,"_genesis_hide_breadcrumbs":false,"_genesis_hide_singular_image":false,"_genesis_hide_footer_widgets":false,"_genesis_custom_body_class":"","_genesis_custom_post_class":"","_genesis_layout":"","footnotes":""},"class_list":{"0":"post-149","1":"page","2":"type-page","3":"status-publish","4":"has-post-thumbnail","6":"entry"},"featured_image_src":"https:\/\/roac.ca\/wp-content\/uploads\/2019\/04\/Become-an-Architect-600x400.jpg","featured_image_src_square":"https:\/\/roac.ca\/wp-content\/uploads\/2019\/04\/Become-an-Architect-600x600.jpg","_links":{"self":[{"href":"https:\/\/roac.ca\/fr\/wp-json\/wp\/v2\/pages\/149","targetHints":{"allow":["GET"]}}],"collection":[{"href":"https:\/\/roac.ca\/fr\/wp-json\/wp\/v2\/pages"}],"about":[{"href":"https:\/\/roac.ca\/fr\/wp-json\/wp\/v2\/types\/page"}],"author":[{"embeddable":true,"href":"https:\/\/roac.ca\/fr\/wp-json\/wp\/v2\/users\/1"}],"replies":[{"embeddable":true,"href":"https:\/\/roac.ca\/fr\/wp-json\/wp\/v2\/comments?post=149"}],"version-history":[{"count":7,"href":"https:\/\/roac.ca\/fr\/wp-json\/wp\/v2\/pages\/149\/revisions"}],"predecessor-version":[{"id":2014,"href":"https:\/\/roac.ca\/fr\/wp-json\/wp\/v2\/pages\/149\/revisions\/2014"}],"up":[{"embeddable":true,"href":"https:\/\/roac.ca\/fr\/wp-json\/wp\/v2\/pages\/108"}],"wp:featuredmedia":[{"embeddable":true,"href":"https:\/\/roac.ca\/fr\/wp-json\/wp\/v2\/media\/377"}],"wp:attachment":[{"href":"https:\/\/roac.ca\/fr\/wp-json\/wp\/v2\/media?parent=149"}],"curies":[{"name":"wp","href":"https:\/\/api.w.org\/{rel}","templated":true}]}}