{"id":143,"date":"2019-04-17T12:57:02","date_gmt":"2019-04-17T19:57:02","guid":{"rendered":"https:\/\/roac.ca\/?page_id=143"},"modified":"2019-12-06T23:13:34","modified_gmt":"2019-12-07T07:13:34","slug":"organisations-externes","status":"publish","type":"page","link":"https:\/\/roac.ca\/fr\/a-propos-du-roac\/organisations-externes\/","title":{"rendered":"Organisations externes"},"content":{"rendered":"<h2>Conseil canadien de certification en architecture (CCCA)<\/h2>\n<p>Le Conseil canadien de certification en architecture (CCAC) est l\u2019organisme principal de certification et d\u2019agr\u00e9ment en architecture au Canada. Le CCAC a \u00e9t\u00e9 fond\u00e9 en 1976, sur entente du Regroupement des ordres d\u2019architectes du Canada (ROAC) et du Conseil canadien des \u00e9coles universitaires d\u2019architecture (CC\u00c9UA). Le CCAC a \u00e9t\u00e9 cr\u00e9\u00e9 pour \u00e9valuer et certifier les qualifications acad\u00e9miques des d\u00e9tenteurs d\u2019un grade professionnel en architecture qui d\u00e9sirent demander l\u2019inscription aupr\u00e8s d\u2019un ordre d\u2019architectes canadien.<\/p>\n<p>En 1991, le mandat du CCCA a \u00e9t\u00e9 r\u00e9vis\u00e9 pour inclure l\u2019agr\u00e9ment des programmes de grade professionnel offerts dans les \u00e9coles d\u2019architecture des universit\u00e9s canadiennes. Au fil des ans, le CCCA a \u00e9galement mis en \u0153uvre le Programme pour architectes de l\u2019\u00e9tranger poss\u00e9dant une vaste exp\u00e9rience (A\u00c9VE). Ce programme \u00e9value l\u2019exp\u00e9rience et les connaissances d\u2019architectes form\u00e9s \u00e0 l\u2019\u00e9tranger qui ont immigr\u00e9 au Canada et souhaitent continuer d\u2019exercer l\u2019architecture.<\/p>\n<p>Aujourd\u2019hui, le CCCA continue de recevoir son mandat du ROAC et du CC\u00c9UA, \u00e0 savoir :<\/p>\n<ol>\n<li>certifier la formation acad\u00e9mique des dipl\u00f4m\u00e9s en architecture;<\/li>\n<li>agr\u00e9er les programmes professionnels en architecture des universit\u00e9s canadiennes;<\/li>\n<li>certifier les qualifications professionnelles des architectes de l\u2019\u00e9tranger poss\u00e9dant une vaste exp\u00e9rience; et<\/li>\n<li>collaborer \u00e0 des recherches et effectuer des recherches, sur les sc\u00e8nes nationale et internationale, relativement \u00e0 l\u2019agr\u00e9ment en architecture et \u00e0 la certification acad\u00e9mique.<\/li>\n<\/ol>\n<p>Pour un suppl\u00e9ment d\u2019information, veuillez visiter le <a href=\"http:\/\/cacb.ca\/fr\/accueil\/\">site Web<\/a> du CCCA.<\/p>\n<h2>L\u2019Institut royal d\u2019architecture du Canada (IRAC)<\/h2>\n<p>L\u2019Institut royal d\u2019architecture du Canada (IRAC) est un organisme national d\u2019adh\u00e9sion et de d\u00e9fense des int\u00e9r\u00eats qui repr\u00e9sente des membres, des \u00e9tudiants et des membres affili\u00e9s de la profession d\u2019architecte. L\u2019IRAC plaide en faveur de l\u2019excellence dans le cadre b\u00e2ti, offre du soutien \u00e0 la pratique et de la formation continue \u00e0 ses membres, pr\u00e9sente le Festival d\u2019architecture annuel du Canada et promeut le r\u00f4le du design pour am\u00e9liorer la qualit\u00e9 de vie pour tous.<\/p>\n<p>Pour un suppl\u00e9ment d\u2019information, veuillez visiter le <a href=\"https:\/\/raic.org\/fr\">site Web<\/a> de l\u2019IRAC.<\/p>\n<p><strong>\u00c0 NOTER :<\/strong> <em>L\u2019IRAC n\u2019est pas un organisme de r\u00e9glementation et ne peut certifier les qualifications d\u2019une personne aux fins de la prestation de services d\u2019architecture au Canada.<\/em><\/p>\n","protected":false},"excerpt":{"rendered":"<p>Conseil canadien de certification en architecture (CCCA) Le Conseil canadien de certification en architecture (CCAC) est l\u2019organisme principal de certification et d\u2019agr\u00e9ment en architecture au Canada. Le CCAC a \u00e9t\u00e9 fond\u00e9 en 1976, sur entente du Regroupement des ordres d\u2019architectes du Canada (ROAC) et du Conseil canadien des \u00e9coles universitaires d\u2019architecture (CC\u00c9UA). Le CCAC a [&hellip;]<\/p>\n","protected":false},"author":1,"featured_media":374,"parent":106,"menu_order":5,"comment_status":"closed","ping_status":"closed","template":"","meta":{"_genesis_hide_title":false,"_genesis_hide_breadcrumbs":false,"_genesis_hide_singular_image":false,"_genesis_hide_footer_widgets":false,"_genesis_custom_body_class":"","_genesis_custom_post_class":"","_genesis_layout":"content-sidebar","footnotes":""},"class_list":{"0":"post-143","1":"page","2":"type-page","3":"status-publish","4":"has-post-thumbnail","6":"entry"},"featured_image_src":"https:\/\/roac.ca\/wp-content\/uploads\/2019\/04\/About-CALA-600x400.jpg","featured_image_src_square":"https:\/\/roac.ca\/wp-content\/uploads\/2019\/04\/About-CALA-600x600.jpg","_links":{"self":[{"href":"https:\/\/roac.ca\/fr\/wp-json\/wp\/v2\/pages\/143","targetHints":{"allow":["GET"]}}],"collection":[{"href":"https:\/\/roac.ca\/fr\/wp-json\/wp\/v2\/pages"}],"about":[{"href":"https:\/\/roac.ca\/fr\/wp-json\/wp\/v2\/types\/page"}],"author":[{"embeddable":true,"href":"https:\/\/roac.ca\/fr\/wp-json\/wp\/v2\/users\/1"}],"replies":[{"embeddable":true,"href":"https:\/\/roac.ca\/fr\/wp-json\/wp\/v2\/comments?post=143"}],"version-history":[{"count":6,"href":"https:\/\/roac.ca\/fr\/wp-json\/wp\/v2\/pages\/143\/revisions"}],"predecessor-version":[{"id":507,"href":"https:\/\/roac.ca\/fr\/wp-json\/wp\/v2\/pages\/143\/revisions\/507"}],"up":[{"embeddable":true,"href":"https:\/\/roac.ca\/fr\/wp-json\/wp\/v2\/pages\/106"}],"wp:featuredmedia":[{"embeddable":true,"href":"https:\/\/roac.ca\/fr\/wp-json\/wp\/v2\/media\/374"}],"wp:attachment":[{"href":"https:\/\/roac.ca\/fr\/wp-json\/wp\/v2\/media?parent=143"}],"curies":[{"name":"wp","href":"https:\/\/api.w.org\/{rel}","templated":true}]}}