{"id":139,"date":"2019-04-17T12:56:05","date_gmt":"2019-04-17T19:56:05","guid":{"rendered":"https:\/\/roac.ca\/?page_id=139"},"modified":"2025-11-03T13:09:35","modified_gmt":"2025-11-03T21:09:35","slug":"comites-du-roac","status":"publish","type":"page","link":"https:\/\/roac.ca\/fr\/a-propos-du-roac\/comites-du-roac\/","title":{"rendered":"Comit\u00e9s du ROAC"},"content":{"rendered":"<p>Le travail collaboratif du Regroupement des ordres d\u2019architectes du Canada (ROAC) a sensiblement progress\u00e9 gr\u00e2ce aux contributions de plusieurs comit\u00e9s nationaux form\u00e9s de membres b\u00e9n\u00e9voles des quatre coins du pays.<\/p>\n<ul>\n<li><strong>Comit\u00e9 national permanent sur le Conseil canadien de certification en architecture (CCCA)<\/strong><br \/>\nCe Comit\u00e9 assure la liaison entre les ordres d\u2019architectes du Canada et le Conseil canadien de certification en architecture. Il s\u2019efforce aussi de maintenir et de faciliter les relations entre le ROAC et le Conseil canadien des \u00e9coles universitaires d\u2019architecture (CC\u00c9UA), les deux membres fondateurs du CCCA. Le Comit\u00e9 permanent s\u2019occupe de la liaison avec le CCCA et s\u2019assure de la supervision et le maintien des Conditions de d\u00e9livrance des permis d\u2019architecte au Canada approuv\u00e9es par ROAC; de la Norme canadienne de comp\u00e9tences pour les architectes; de la Norme canadienne de formation pour les architectes; des Conditions d\u2019agr\u00e9ment; et du Programme pour architectes de l\u2019\u00e9tranger ayant une vaste exp\u00e9rience (A\u00c9VE).<\/li>\n<li><strong>Comit\u00e9 de mobilit\u00e9 internationales (CMI)<\/strong><br \/>\nCe Comit\u00e9 repr\u00e9sente le Regroupement des ordres d\u2019architectes du Canada dans les initiatives et les ententes sur la sc\u00e8ne internationale. Plus pr\u00e9cis\u00e9ment, il n\u00e9gocie des Ententes de reconnaissance mutuelle avec d\u2019autres pays et il en exerce la surveillance. Ces ententes portent principalement sur la certification des titres de comp\u00e9tence, l\u2019\u00e9tablissement d\u2019\u00e9valuations sp\u00e9cifiques au domaine et des ententes connexes relatives au commerce et \u00e0 la mobilit\u00e9 de la main-d\u2019\u0153uvre.<\/li>\n<li><strong>Comit\u00e9 de l\u2019examen des architectes du Canada (CExAC)<\/strong><br \/>\nCe Comit\u00e9 supervise et tient \u00e0 jour l\u2019Examen des architectes du Canada (ExAC) au nom du Regroupement des ordres d\u2019architectes du Canada. Il est form\u00e9 de repr\u00e9sentants des r\u00e9gions suivantes : Atlantique (AANB, AAPEI, NLAA, NSAA); Qu\u00e9bec; Ontario; Prairies et Territoires du Nord-Ouest (MAA, NWTAA, SAA); Alberta; et Colombie-Britannique. Ces repr\u00e9sentants sont nomm\u00e9s par les conseils d\u2019administration des ordres d\u2019architectes concern\u00e9s.<\/li>\n<\/ul>\n<p>Les membres qui d\u00e9sirent en savoir davantage sur ces comit\u00e9s nationaux sont invit\u00e9s \u00e0 communiquer avec leur ordre d\u2019architectes provincial ou territorial.<\/p>\n","protected":false},"excerpt":{"rendered":"<p>Le travail collaboratif du Regroupement des ordres d\u2019architectes du Canada (ROAC) a sensiblement progress\u00e9 gr\u00e2ce aux contributions de plusieurs comit\u00e9s nationaux form\u00e9s de membres b\u00e9n\u00e9voles des quatre coins du pays. Comit\u00e9 national permanent sur le Conseil canadien de certification en architecture (CCCA) Ce Comit\u00e9 assure la liaison entre les ordres d\u2019architectes du Canada et le [&hellip;]<\/p>\n","protected":false},"author":1,"featured_media":374,"parent":106,"menu_order":3,"comment_status":"closed","ping_status":"closed","template":"","meta":{"_genesis_hide_title":false,"_genesis_hide_breadcrumbs":false,"_genesis_hide_singular_image":false,"_genesis_hide_footer_widgets":false,"_genesis_custom_body_class":"","_genesis_custom_post_class":"","_genesis_layout":"content-sidebar","footnotes":""},"class_list":{"0":"post-139","1":"page","2":"type-page","3":"status-publish","4":"has-post-thumbnail","6":"entry"},"featured_image_src":"https:\/\/roac.ca\/wp-content\/uploads\/2019\/04\/About-CALA-600x400.jpg","featured_image_src_square":"https:\/\/roac.ca\/wp-content\/uploads\/2019\/04\/About-CALA-600x600.jpg","_links":{"self":[{"href":"https:\/\/roac.ca\/fr\/wp-json\/wp\/v2\/pages\/139","targetHints":{"allow":["GET"]}}],"collection":[{"href":"https:\/\/roac.ca\/fr\/wp-json\/wp\/v2\/pages"}],"about":[{"href":"https:\/\/roac.ca\/fr\/wp-json\/wp\/v2\/types\/page"}],"author":[{"embeddable":true,"href":"https:\/\/roac.ca\/fr\/wp-json\/wp\/v2\/users\/1"}],"replies":[{"embeddable":true,"href":"https:\/\/roac.ca\/fr\/wp-json\/wp\/v2\/comments?post=139"}],"version-history":[{"count":12,"href":"https:\/\/roac.ca\/fr\/wp-json\/wp\/v2\/pages\/139\/revisions"}],"predecessor-version":[{"id":2270,"href":"https:\/\/roac.ca\/fr\/wp-json\/wp\/v2\/pages\/139\/revisions\/2270"}],"up":[{"embeddable":true,"href":"https:\/\/roac.ca\/fr\/wp-json\/wp\/v2\/pages\/106"}],"wp:featuredmedia":[{"embeddable":true,"href":"https:\/\/roac.ca\/fr\/wp-json\/wp\/v2\/media\/374"}],"wp:attachment":[{"href":"https:\/\/roac.ca\/fr\/wp-json\/wp\/v2\/media?parent=139"}],"curies":[{"name":"wp","href":"https:\/\/api.w.org\/{rel}","templated":true}]}}