{"id":128,"date":"2019-04-17T12:32:00","date_gmt":"2019-04-17T19:32:00","guid":{"rendered":"https:\/\/roac.ca\/?page_id=128"},"modified":"2025-07-10T10:36:47","modified_gmt":"2025-07-10T17:36:47","slug":"contactez-nous","status":"publish","type":"page","link":"https:\/\/roac.ca\/fr\/contactez-nous\/","title":{"rendered":"Contactez nous"},"content":{"rendered":"<p>Regroupement des Ordres d&#8217;Architectes du Canada est une entit\u00e9 constitu\u00e9e au nom des onze organismes de r\u00e9glementation provinciaux et territoriaux de la profession d&#8217;architecte au Canada. <strong>Notez que le ROAC ne traite pas directement des questions d&#8217;inscription ou de conduite professionnelle.<\/strong><\/p>\n<p>Pour toute demande relative \u00e0 l&#8217;inscription (y compris <strong>le programme de stages en architecture<\/strong>) dans une province ou un territoire sp\u00e9cifique, veuillez contacter l&#8217;organisme de r\u00e9glementation respectif indiqu\u00e9 ici\u00a0: <a href=\"https:\/\/roac.ca\/fr\/a-propos-du-roac\/ordres-membres-du-roac\/\" target=\"_blank\" rel=\"noopener\">Organisations membres (roac.ca)<\/a><\/p>\n<p>Pour toute question relative \u00e0 la certification de dipl\u00f4mes \u00e9trangers ou au <strong>programme BEFA<\/strong>, veuillez contacter le <strong>CACB<\/strong> : <a href=\"https:\/\/cacb.ca\/\" target=\"_blank\" rel=\"noopener\">Conseil Canadien De Certification En Architecture<\/a><\/p>\n<p>Pour les demandes sp\u00e9cifiques \u00e0 l&#8217;enregistrement initial au Canada en vertu d&#8217;un<strong> accord de reconnaissance mutuelle (\u00ab\u00a0ARM\u00a0\u00bb)<\/strong>, veuillez consulter les coordonn\u00e9es ci-dessous\u00a0:<\/p>\n<ul>\n<li><strong>Accord de reconnaissance mutuelle ROAC\/National Council of Architectural Registration Boards (NCARB) \u2013 \u00c9tats-Unis et Canada, <\/strong>veuillez contacter l&#8217;organisme membre concern\u00e9 : <a href=\"https:\/\/roac.ca\/fr\/a-propos-du-roac\/ordres-membres-du-roac\/\" target=\"_blank\" rel=\"noopener\">Organisations membres (roac.ca)<\/a><\/li>\n<li><strong>Accord trinational de reconnaissance mutuelle ROAC\/NCARB\/CONARC \u2013 \u00c9tats-Unis, Mexique et Canada<\/strong>\n<ul>\n<li>Cam\u00e9lia Bostan<br \/>\nLicence d&#8217;administrateur, Bureau du registraire<br \/>\nCourriel : <a href=\"mailto:cameliab@oaa.on.ca\">cameliab@oaa.on.ca<\/a><\/li>\n<\/ul>\n<\/li>\n<li><strong>Accord de reconnaissance mutuelle ROAC\/Coop\u00e9ration \u00e9conomique Asie-Pacifique (APEC) \u2013 Australie, Nouvelle-Z\u00e9lande et Canada<\/strong>\n<ul>\n<li>Courriel : <a href=\"mailto:inscription@aibc.ca\">registration@aibc.ca<\/a><\/li>\n<\/ul>\n<\/li>\n<\/ul>\n<p><strong>Regroupement des ordres d\u2019architectes du Canada<br \/>\n<\/strong><\/p>\n<p>10515 Saskatchewan Dr. NW<br \/>\nEdmonton (Alberta)<br \/>\nT6E 4S1<br \/>\nCanada<\/p>\n<p>Courriel: <a href=\"mailto:info@roac.ca\">info@roac.ca<\/a><\/p>\n","protected":false},"excerpt":{"rendered":"<p>Regroupement des Ordres d&#8217;Architectes du Canada est une entit\u00e9 constitu\u00e9e au nom des onze organismes de r\u00e9glementation provinciaux et territoriaux de la profession d&#8217;architecte au Canada. Notez que le ROAC ne traite pas directement des questions d&#8217;inscription ou de conduite professionnelle. Pour toute demande relative \u00e0 l&#8217;inscription (y compris le programme de stages en architecture) [&hellip;]<\/p>\n","protected":false},"author":1,"featured_media":412,"parent":0,"menu_order":36,"comment_status":"closed","ping_status":"closed","template":"","meta":{"_genesis_hide_title":false,"_genesis_hide_breadcrumbs":false,"_genesis_hide_singular_image":false,"_genesis_hide_footer_widgets":false,"_genesis_custom_body_class":"","_genesis_custom_post_class":"","_genesis_layout":"","footnotes":""},"class_list":{"0":"post-128","1":"page","2":"type-page","3":"status-publish","4":"has-post-thumbnail","6":"entry"},"featured_image_src":"https:\/\/roac.ca\/wp-content\/uploads\/2019\/04\/Contact-600x400.jpg","featured_image_src_square":"https:\/\/roac.ca\/wp-content\/uploads\/2019\/04\/Contact-600x600.jpg","_links":{"self":[{"href":"https:\/\/roac.ca\/fr\/wp-json\/wp\/v2\/pages\/128","targetHints":{"allow":["GET"]}}],"collection":[{"href":"https:\/\/roac.ca\/fr\/wp-json\/wp\/v2\/pages"}],"about":[{"href":"https:\/\/roac.ca\/fr\/wp-json\/wp\/v2\/types\/page"}],"author":[{"embeddable":true,"href":"https:\/\/roac.ca\/fr\/wp-json\/wp\/v2\/users\/1"}],"replies":[{"embeddable":true,"href":"https:\/\/roac.ca\/fr\/wp-json\/wp\/v2\/comments?post=128"}],"version-history":[{"count":15,"href":"https:\/\/roac.ca\/fr\/wp-json\/wp\/v2\/pages\/128\/revisions"}],"predecessor-version":[{"id":2147,"href":"https:\/\/roac.ca\/fr\/wp-json\/wp\/v2\/pages\/128\/revisions\/2147"}],"wp:featuredmedia":[{"embeddable":true,"href":"https:\/\/roac.ca\/fr\/wp-json\/wp\/v2\/media\/412"}],"wp:attachment":[{"href":"https:\/\/roac.ca\/fr\/wp-json\/wp\/v2\/media?parent=128"}],"curies":[{"name":"wp","href":"https:\/\/api.w.org\/{rel}","templated":true}]}}