{"id":112,"date":"2019-04-10T11:52:49","date_gmt":"2019-04-10T18:52:49","guid":{"rendered":"https:\/\/roac.ca\/?page_id=112"},"modified":"2026-01-29T09:02:41","modified_gmt":"2026-01-29T17:02:41","slug":"mobilite-professionnelle","status":"publish","type":"page","link":"https:\/\/roac.ca\/fr\/mobilite-professionnelle\/","title":{"rendered":"Mobilit\u00e9 professionnelle"},"content":{"rendered":"<h2>Architectes inscrits aupr\u00e8s d\u2019un ordre d\u2019architectes du Canada<\/h2>\n<p>Les architectes actuellement inscrits ou d\u00e9tenteurs d\u2019un permis et membres en r\u00e8gles d\u2019un ordre d\u2019architectes provincial ou territorial du Canada peuvent demander l\u2019inscription comme architecte dans une autre province ou un autre territoire du Canada en se <a href=\"https:\/\/roac.ca\/mobilite-professionnelle\/reciprocite-canadienne\/?lang=fr\">pr\u00e9valant de la r\u00e9ciprocit\u00e9 canadienne<\/a>.<\/p>\n<h2>Architectes inscrits \u00e0 l\u2019ext\u00e9rieur du Canada<\/h2>\n<p>Les architectes inscrits dans un autre pays que le Canada peuvent \u00eatre admissibles \u00e0 la demande d\u2019inscription au Canada en vertu d\u2019un Accord de reconnaissance mutuelle (ARM). Ces ARM sont des ententes officielles conclues entre des organismes de r\u00e9glementation de la profession d\u2019architecte de diff\u00e9rentes juridictions internationales. Ils portent sur la reconnaissance mutuelle des titres de comp\u00e9tence et des qualifications en architecture de leurs titulaires et ils offrent une voie menant \u00e0 l\u2019inscription dans les juridictions participantes. L\u2019inscription en vertu d\u2019un ARM est un processus simplifi\u00e9. Les exigences d\u2019admissibilit\u00e9 varient selon l\u2019ARM. \u00c0 ce jour, le Canada a conclu des ententes avec les \u00c9tats-Unis et le Mexique, la Coop\u00e9ration \u00e9conomique Asie-Pacifique (APEC), le Royaume-Uni et l&#8217;Union Europ\u00e9enne.<\/p>\n<p>Les candidats sont invit\u00e9s \u00e0 examiner attentivement les modalit\u00e9s de chaque ARM.<\/p>\n<p>&nbsp;<\/p>\n","protected":false},"excerpt":{"rendered":"<p>Architectes inscrits aupr\u00e8s d\u2019un ordre d\u2019architectes du Canada Les architectes actuellement inscrits ou d\u00e9tenteurs d\u2019un permis et membres en r\u00e8gles d\u2019un ordre d\u2019architectes provincial ou territorial du Canada peuvent demander l\u2019inscription comme architecte dans une autre province ou un autre territoire du Canada en se pr\u00e9valant de la r\u00e9ciprocit\u00e9 canadienne. Architectes inscrits \u00e0 l\u2019ext\u00e9rieur du [&hellip;]<\/p>\n","protected":false},"author":1,"featured_media":390,"parent":0,"menu_order":17,"comment_status":"closed","ping_status":"closed","template":"","meta":{"_genesis_hide_title":false,"_genesis_hide_breadcrumbs":false,"_genesis_hide_singular_image":false,"_genesis_hide_footer_widgets":false,"_genesis_custom_body_class":"","_genesis_custom_post_class":"","_genesis_layout":"content-sidebar","footnotes":""},"class_list":{"0":"post-112","1":"page","2":"type-page","3":"status-publish","4":"has-post-thumbnail","6":"entry"},"featured_image_src":"https:\/\/roac.ca\/wp-content\/uploads\/2019\/04\/International-Mobility-600x400.jpg","featured_image_src_square":"https:\/\/roac.ca\/wp-content\/uploads\/2019\/04\/International-Mobility-600x600.jpg","_links":{"self":[{"href":"https:\/\/roac.ca\/fr\/wp-json\/wp\/v2\/pages\/112","targetHints":{"allow":["GET"]}}],"collection":[{"href":"https:\/\/roac.ca\/fr\/wp-json\/wp\/v2\/pages"}],"about":[{"href":"https:\/\/roac.ca\/fr\/wp-json\/wp\/v2\/types\/page"}],"author":[{"embeddable":true,"href":"https:\/\/roac.ca\/fr\/wp-json\/wp\/v2\/users\/1"}],"replies":[{"embeddable":true,"href":"https:\/\/roac.ca\/fr\/wp-json\/wp\/v2\/comments?post=112"}],"version-history":[{"count":21,"href":"https:\/\/roac.ca\/fr\/wp-json\/wp\/v2\/pages\/112\/revisions"}],"predecessor-version":[{"id":2506,"href":"https:\/\/roac.ca\/fr\/wp-json\/wp\/v2\/pages\/112\/revisions\/2506"}],"wp:featuredmedia":[{"embeddable":true,"href":"https:\/\/roac.ca\/fr\/wp-json\/wp\/v2\/media\/390"}],"wp:attachment":[{"href":"https:\/\/roac.ca\/fr\/wp-json\/wp\/v2\/media?parent=112"}],"curies":[{"name":"wp","href":"https:\/\/api.w.org\/{rel}","templated":true}]}}