{"id":110,"date":"2019-04-10T11:52:14","date_gmt":"2019-04-10T18:52:14","guid":{"rendered":"https:\/\/roac.ca\/?page_id=110"},"modified":"2019-12-10T14:43:37","modified_gmt":"2019-12-10T22:43:37","slug":"architectes-etrangers","status":"publish","type":"page","link":"https:\/\/roac.ca\/fr\/architectes-etrangers\/","title":{"rendered":"Architectes form\u00e9s \u00e0 l\u2019\u00e9tranger"},"content":{"rendered":"<p>Il y a trois voies menant \u00e0 l\u2019inscription des candidats \u00e9duqu\u00e9s ou form\u00e9s \u00e0 l\u2019\u00e9tranger. Chacune de ces voies comporte ses propres exigences d\u2019admissibilit\u00e9 et de programme. Bien que la m\u00e9thode d\u2019obtention et d\u2019\u00e9valuation des comp\u00e9tences varie l\u00e9g\u00e8rement, les candidats qui suivent les divers parcours doivent satisfaire aux m\u00eames exigences d\u2019entr\u00e9e \u00e0 la profession.<\/p>\n<ul>\n<li><strong>Autres qualifications<\/strong> \u2014 Les architectes form\u00e9s \u00e0 l\u2019\u00e9tranger qui ne sont pas admissibles \u00e0 la demande de permis par l\u2019entremise d\u2019une entente de reconnaissance mutuelle peuvent pr\u00e9senter leur candidature au Programme pour les architectes de l\u2019\u00e9tranger ayant une vaste exp\u00e9rience (A\u00c9VE) pour \u00e9valuer l\u2019\u00e9quivalence de leurs comp\u00e9tences par rapport \u00e0 la Norme canadienne de comp\u00e9tence pour les architectes. Ce programme national est administr\u00e9 par le Conseil canadien de certification en architecture (CCCA) et il comporte plusieurs \u00e9tapes normalis\u00e9es. Les candidats qui obtiennent la certification en vertu du programme pour A\u00c9VE peuvent demander leur inscription comme architecte aupr\u00e8s de l\u2019ordre d\u2019architectes provincial ou territorial de leur choix.<\/li>\n<li><strong>Ententes de reconnaissance mutuelle<\/strong> \u2014 Les architectes form\u00e9s \u00e0 l\u2019\u00e9tranger qui sont inscrits dans une juridiction \u00e0 l\u2019ext\u00e9rieur du Canada peuvent satisfaire aux exigences d\u2019inscription aupr\u00e8s d\u2019un membre du ROAC en vertu d\u2019une Entente de reconnaissance mutuelle, ce que l\u2019on appelle l\u2019inscription par la r\u00e9ciprocit\u00e9. Les membres du ROAC ont sign\u00e9 plusieurs ententes de reconnaissance mutuelle .<\/li>\n<li><strong>Programme de stage en architecture<\/strong> \u2014 Les candidats qui ne sont pas admissibles en vertu d\u2019une entente de reconnaissance mutuelle ou qui ne satisfont pas aux crit\u00e8res d\u2019admissibilit\u00e9 du programme pour A\u00c9VE peuvent compl\u00e9ter le programme de stage en architecture. Ils devront toutefois avoir obtenu un dipl\u00f4me officiel en architecture et obtenu la certification de leurs \u00e9tudes par le CCCA avant de demander leur inscription au programme de stage en architecture.<\/li>\n<\/ul>\n","protected":false},"excerpt":{"rendered":"<p>Il y a trois voies menant \u00e0 l\u2019inscription des candidats \u00e9duqu\u00e9s ou form\u00e9s \u00e0 l\u2019\u00e9tranger. Chacune de ces voies comporte ses propres exigences d\u2019admissibilit\u00e9 et de programme. Bien que la m\u00e9thode d\u2019obtention et d\u2019\u00e9valuation des comp\u00e9tences varie l\u00e9g\u00e8rement, les candidats qui suivent les divers parcours doivent satisfaire aux m\u00eames exigences d\u2019entr\u00e9e \u00e0 la profession. Autres [&hellip;]<\/p>\n","protected":false},"author":1,"featured_media":384,"parent":0,"menu_order":13,"comment_status":"closed","ping_status":"closed","template":"","meta":{"_genesis_hide_title":false,"_genesis_hide_breadcrumbs":false,"_genesis_hide_singular_image":false,"_genesis_hide_footer_widgets":false,"_genesis_custom_body_class":"","_genesis_custom_post_class":"","_genesis_layout":"content-sidebar","footnotes":""},"class_list":{"0":"post-110","1":"page","2":"type-page","3":"status-publish","4":"has-post-thumbnail","6":"entry"},"featured_image_src":"https:\/\/roac.ca\/wp-content\/uploads\/2019\/04\/Foreign-Architects-600x400.jpg","featured_image_src_square":"https:\/\/roac.ca\/wp-content\/uploads\/2019\/04\/Foreign-Architects-600x600.jpg","_links":{"self":[{"href":"https:\/\/roac.ca\/fr\/wp-json\/wp\/v2\/pages\/110","targetHints":{"allow":["GET"]}}],"collection":[{"href":"https:\/\/roac.ca\/fr\/wp-json\/wp\/v2\/pages"}],"about":[{"href":"https:\/\/roac.ca\/fr\/wp-json\/wp\/v2\/types\/page"}],"author":[{"embeddable":true,"href":"https:\/\/roac.ca\/fr\/wp-json\/wp\/v2\/users\/1"}],"replies":[{"embeddable":true,"href":"https:\/\/roac.ca\/fr\/wp-json\/wp\/v2\/comments?post=110"}],"version-history":[{"count":5,"href":"https:\/\/roac.ca\/fr\/wp-json\/wp\/v2\/pages\/110\/revisions"}],"predecessor-version":[{"id":523,"href":"https:\/\/roac.ca\/fr\/wp-json\/wp\/v2\/pages\/110\/revisions\/523"}],"wp:featuredmedia":[{"embeddable":true,"href":"https:\/\/roac.ca\/fr\/wp-json\/wp\/v2\/media\/384"}],"wp:attachment":[{"href":"https:\/\/roac.ca\/fr\/wp-json\/wp\/v2\/media?parent=110"}],"curies":[{"name":"wp","href":"https:\/\/api.w.org\/{rel}","templated":true}]}}