{"id":106,"date":"2019-04-10T11:50:29","date_gmt":"2019-04-10T18:50:29","guid":{"rendered":"https:\/\/roac.ca\/?page_id=106"},"modified":"2024-03-18T13:49:45","modified_gmt":"2024-03-18T20:49:45","slug":"a-propos-du-roac","status":"publish","type":"page","link":"https:\/\/roac.ca\/fr\/a-propos-du-roac\/","title":{"rendered":"\u00c0 propos du ROAC"},"content":{"rendered":"<p>Le Regroupement des ordres d\u2019architectes du Canada (ROAC) repr\u00e9sente les onze organismes provinciaux et territoriaux de r\u00e9glementation de l\u2019architecture du Canada. Ces organismes, les ordres d\u2019architectes du Canada, sont responsables de l\u2019\u00e9tablissement des normes d\u2019admission \u00e0 la profession et de l\u2019inscription comme architecte et\/ou de la d\u00e9livrance des permis d\u2019exercice aux personnes qui satisfont aux normes \u00e9tablies relativement aux qualifications et \u00e0 l\u2019exercice de la profession. Ils r\u00e9glementent chacun la pratique de l\u2019architecture dans leur province ou leur territoire et s\u2019assurent de la protection du public.<\/p>\n<p>Par l\u2019entremise du ROAC, les ordres d\u2019architectes du Canada unissent leurs efforts pour \u00e9laborer et adopter des normes et des programmes reconnus \u00e0 l\u2019\u00e9chelle nationale qui les aident \u00e0 s\u2019acquitter de leurs responsabilit\u00e9s r\u00e9glementaires tout en r\u00e9pondant aux besoins de la profession architecturale.<\/p>\n","protected":false},"excerpt":{"rendered":"<p>Le Regroupement des ordres d\u2019architectes du Canada (ROAC) repr\u00e9sente les onze organismes provinciaux et territoriaux de r\u00e9glementation de l\u2019architecture du Canada. Ces organismes, les ordres d\u2019architectes du Canada, sont responsables de l\u2019\u00e9tablissement des normes d\u2019admission \u00e0 la profession et de l\u2019inscription comme architecte et\/ou de la d\u00e9livrance des permis d\u2019exercice aux personnes qui satisfont aux [&hellip;]<\/p>\n","protected":false},"author":1,"featured_media":374,"parent":0,"menu_order":1,"comment_status":"closed","ping_status":"closed","template":"","meta":{"_genesis_hide_title":false,"_genesis_hide_breadcrumbs":false,"_genesis_hide_singular_image":false,"_genesis_hide_footer_widgets":false,"_genesis_custom_body_class":"","_genesis_custom_post_class":"","_genesis_layout":"content-sidebar","footnotes":""},"class_list":{"0":"post-106","1":"page","2":"type-page","3":"status-publish","4":"has-post-thumbnail","6":"entry"},"featured_image_src":"https:\/\/roac.ca\/wp-content\/uploads\/2019\/04\/About-CALA-600x400.jpg","featured_image_src_square":"https:\/\/roac.ca\/wp-content\/uploads\/2019\/04\/About-CALA-600x600.jpg","_links":{"self":[{"href":"https:\/\/roac.ca\/fr\/wp-json\/wp\/v2\/pages\/106","targetHints":{"allow":["GET"]}}],"collection":[{"href":"https:\/\/roac.ca\/fr\/wp-json\/wp\/v2\/pages"}],"about":[{"href":"https:\/\/roac.ca\/fr\/wp-json\/wp\/v2\/types\/page"}],"author":[{"embeddable":true,"href":"https:\/\/roac.ca\/fr\/wp-json\/wp\/v2\/users\/1"}],"replies":[{"embeddable":true,"href":"https:\/\/roac.ca\/fr\/wp-json\/wp\/v2\/comments?post=106"}],"version-history":[{"count":5,"href":"https:\/\/roac.ca\/fr\/wp-json\/wp\/v2\/pages\/106\/revisions"}],"predecessor-version":[{"id":1876,"href":"https:\/\/roac.ca\/fr\/wp-json\/wp\/v2\/pages\/106\/revisions\/1876"}],"wp:featuredmedia":[{"embeddable":true,"href":"https:\/\/roac.ca\/fr\/wp-json\/wp\/v2\/media\/374"}],"wp:attachment":[{"href":"https:\/\/roac.ca\/fr\/wp-json\/wp\/v2\/media?parent=106"}],"curies":[{"name":"wp","href":"https:\/\/api.w.org\/{rel}","templated":true}]}}